{"id":737,"date":"2022-06-04T02:12:22","date_gmt":"2022-06-04T00:12:22","guid":{"rendered":"https:\/\/editionsverdigris.com\/?page_id=737"},"modified":"2025-12-23T21:39:30","modified_gmt":"2025-12-23T20:39:30","slug":"collections","status":"publish","type":"page","link":"https:\/\/editionsverdigris.com\/en\/collections\/","title":{"rendered":"Collections"},"content":{"rendered":"<div data-elementor-type=\"wp-post\" data-elementor-id=\"737\" class=\"elementor elementor-737\">\n\t\t\t\t\t\t<section class=\"jarallax lazyload elementor-section elementor-top-section elementor-element elementor-element-fe3534f elementor-section-boxed elementor-section-height-default elementor-section-height-default\" data-jarallax=\"\" data-speed=\"0.75\" data-type=\"scroll\" data-parallax=\"scroll\" style=\"background-image:url(&quot;https:\/\/editionsverdigris.com\/wp-content\/uploads\/2022\/04\/colophon-typo-scaled.jpg&quot;);\" data-image-src=\"https:\/\/editionsverdigris.com\/wp-content\/uploads\/2022\/04\/colophon-typo-scaled.jpg\" data-id=\"fe3534f\" data-element_type=\"section\" data-settings=\"{&quot;background_background&quot;:&quot;classic&quot;}\">\n\t\t\t\t\t\t\t<div class=\"elementor-background-overlay\"><\/div>\n\t\t\t\t\t\t\t<div class=\"elementor-container elementor-column-gap-default\">\n\t\t\t\t\t<div class=\"elementor-column elementor-col-100 elementor-top-column elementor-element elementor-element-b6a99c3\" data-id=\"b6a99c3\" data-element_type=\"column\">\n\t\t\t<div class=\"elementor-widget-wrap elementor-element-populated\">\n\t\t\t\t\t\t<div class=\"elementor-element elementor-element-4a62cc0 section-align-center section-size-large subtitle-style-default elementor-widget elementor-widget-section-heading\" data-id=\"4a62cc0\" data-element_type=\"widget\" data-widget_type=\"section-heading.default\">\n\t\t\t\t<div class=\"elementor-widget-container\">\n\t\t\t<div class=\"section-heading headingstyle-subtitle\"><h5 class=\"entry-sub-title section-sub-title\">Museums and libraries<\/h5><div class=\"section-title-wrapper\"><h1 class=\"entry-title section-title\">Collections<\/h1><\/div><\/div>\t\t<\/div>\n\t\t\t\t<\/div>\n\t\t\t\t\t<\/div>\n\t\t<\/div>\n\t\t\t\t\t<\/div>\n\t\t<\/section>\n\t\t\t\t<section class=\"elementor-section elementor-top-section elementor-element elementor-element-b26167a elementor-section-boxed elementor-section-height-default elementor-section-height-default elementor-invisible\" data-id=\"b26167a\" data-element_type=\"section\" data-settings=\"{&quot;animation&quot;:&quot;fadeIn&quot;}\">\n\t\t\t\t\t\t<div class=\"elementor-container elementor-column-gap-no\">\n\t\t\t\t\t<div class=\"elementor-column elementor-col-100 elementor-top-column elementor-element elementor-element-696b1ba\" data-id=\"696b1ba\" data-element_type=\"column\">\n\t\t\t<div class=\"elementor-widget-wrap elementor-element-populated\">\n\t\t\t\t\t\t<div class=\"elementor-element elementor-element-27477bf elementor-widget elementor-widget-split-headlines\" data-id=\"27477bf\" data-element_type=\"widget\" data-widget_type=\"split-headlines.default\">\n\t\t\t\t<div class=\"elementor-widget-container\">\n\t\t\t<div class=\"multi-headlines-outer\"><div class=\"multi-headlines-wrap\"><div class=\"multi-headlines\"><h2>Public collections where Verdigris is present<\/h2> <\/div><\/div><\/div>\t\t<\/div>\n\t\t\t\t<\/div>\n\t\t\t\t<div class=\"elementor-element elementor-element-c4d79b1 animated-slow elementor-invisible elementor-widget elementor-widget-text-editor\" data-id=\"c4d79b1\" data-element_type=\"widget\" data-settings=\"{&quot;_animation&quot;:&quot;fadeIn&quot;,&quot;_animation_delay&quot;:200}\" data-widget_type=\"text-editor.default\">\n\t\t\t\t<div class=\"elementor-widget-container\">\n\t\t\t\t\t\t\t<p>The books of Verdigris can be found in numerous rare book rooms in the major libraries of the United States, Europe and the world.<\/p>\t\t\t\t\t\t<\/div>\n\t\t\t\t<\/div>\n\t\t\t\t\t<\/div>\n\t\t<\/div>\n\t\t\t\t\t<\/div>\n\t\t<\/section>\n\t\t\t\t<section class=\"elementor-section elementor-top-section elementor-element elementor-element-4e78d32 elementor-section-boxed elementor-section-height-default elementor-section-height-default\" data-id=\"4e78d32\" data-element_type=\"section\">\n\t\t\t\t\t\t<div class=\"elementor-container elementor-column-gap-no\">\n\t\t\t\t\t<div class=\"elementor-column elementor-col-50 elementor-top-column elementor-element elementor-element-7173f19 elementor-invisible\" data-id=\"7173f19\" data-element_type=\"column\" data-settings=\"{&quot;animation&quot;:&quot;fadeInLeft&quot;}\">\n\t\t\t<div class=\"elementor-widget-wrap elementor-element-populated\">\n\t\t\t\t\t\t<div class=\"elementor-element elementor-element-47026af animated-slow elementor-invisible elementor-widget elementor-widget-text-editor\" data-id=\"47026af\" data-element_type=\"widget\" data-settings=\"{&quot;_animation&quot;:&quot;fadeIn&quot;,&quot;_animation_delay&quot;:200}\" data-widget_type=\"text-editor.default\">\n\t\t\t\t<div class=\"elementor-widget-container\">\n\t\t\t\t\t\t\t<p><strong><span style=\"text-decoration: underline;\"><em>Europe<\/em><br \/><\/span><\/strong><\/p><p>Biblioth\u00e8que Nationale de France<br \/>Biblioth\u00e8que, Institut de France<br \/>Biblioth\u00e8que Ste. Genevi\u00e8ve, Paris<br \/>Biblioth\u00e8que Jacques Doucet, Paris<br \/>Biblioth\u00e8que Forney, Paris<br \/>Biblioth\u00e8que, Mus\u00e9e des Arts D\u00e9coratifs, Paris<br \/>Mus\u00e9e M\u00e9dard, Lunel<br \/>Mus\u00e9e de S\u00e8te<br \/>The Victoria and Albert Museum, London<br \/>The British Library<br \/>The British Museum<br \/>Bodleian Library, Oxford<br \/>Gulbenkian Fondation, Lisbon<br \/>Biblioth\u00e8que Nationale de Luxembourg<br \/>Biblioth\u00e8que de Monaco<br \/>Koninklijke Bibkliotheek, The Hague<br \/>Biblioth\u00e8que Universitaire et Cantonale de Lausanne, Switzerland<br \/>Biblioteca Palatina, Parma<br \/>Mus\u00e9e Soulages, Rodez<\/p>\t\t\t\t\t\t<\/div>\n\t\t\t\t<\/div>\n\t\t\t\t<div class=\"elementor-element elementor-element-0dfa620 animated-slow elementor-invisible elementor-widget elementor-widget-text-editor\" data-id=\"0dfa620\" data-element_type=\"widget\" data-settings=\"{&quot;_animation&quot;:&quot;fadeIn&quot;,&quot;_animation_delay&quot;:200}\" data-widget_type=\"text-editor.default\">\n\t\t\t\t<div class=\"elementor-widget-container\">\n\t\t\t\t\t\t\t<p><strong><span style=\"text-decoration: underline;\"><i>World:<\/i><\/span><\/strong><\/p><p>Jack Ginsberg Centre for Book Arts, Afrique de Sud<br \/>Municipal library, Aukland, N.Z.<br \/>State Library of Queensland, Brisbane, Australia<\/p>\t\t\t\t\t\t<\/div>\n\t\t\t\t<\/div>\n\t\t\t\t<div class=\"elementor-element elementor-element-d8c0c23 animated-slow elementor-invisible elementor-widget elementor-widget-text-editor\" data-id=\"d8c0c23\" data-element_type=\"widget\" data-settings=\"{&quot;_animation&quot;:&quot;fadeIn&quot;,&quot;_animation_delay&quot;:200}\" data-widget_type=\"text-editor.default\">\n\t\t\t\t<div class=\"elementor-widget-container\">\n\t\t\t\t\t\t\t<p><span style=\"text-decoration: underline;\"><em>French municipal libraries :<\/em><\/span><\/p><p>Aix en Provence, Albi, Angers, Anglet, Annecy, Auxerre, Bayonne, Belfort, Blagnac, Bordeaux, Bourges, Cambrai, Carcassonne, Cavaillon, Chamb\u00e9ry, Clermont Ferrand, Digne, Dijon, Echirolles, Evreux, Fr\u00e9jus, Forbach, Gardanne, Issy-les-Moulineaux, Limoges, Marseille, Metz, Montpellier, Mulhouse, Nantes, N\u00eemes, Niort, Oullins, Poitiers, Quimper, Riom, Roanne, Rodez, Saint Priest, Seyne-sur-Mer, Valenciennes, Vence, St. Brieuc, St. Egr\u00e8ve, St. Quentin en Yvelines, Thionville, Torcy, Toulon, Uz\u00e8s, Versailles<\/p><p><span style=\"text-decoration: underline;\"><em>Departemental libraries:<\/em><\/span><\/p><p>&#8211; Haute Garonne, C\u00f4te-d\u2019Or, Hautes Alpes, H\u00e9rault, Vienne.<br \/>Centre r\u00e9gionale des lettres- LR, FILAC, Marseille, DLL Gard<\/p>\t\t\t\t\t\t<\/div>\n\t\t\t\t<\/div>\n\t\t\t\t\t<\/div>\n\t\t<\/div>\n\t\t\t\t<div class=\"elementor-column elementor-col-50 elementor-top-column elementor-element elementor-element-612d4bf elementor-invisible\" data-id=\"612d4bf\" data-element_type=\"column\" data-settings=\"{&quot;animation&quot;:&quot;fadeInLeft&quot;}\">\n\t\t\t<div class=\"elementor-widget-wrap elementor-element-populated\">\n\t\t\t\t\t\t<div class=\"elementor-element elementor-element-1aeb7f0 animated-slow elementor-invisible elementor-widget elementor-widget-text-editor\" data-id=\"1aeb7f0\" data-element_type=\"widget\" data-settings=\"{&quot;_animation&quot;:&quot;fadeIn&quot;,&quot;_animation_delay&quot;:200}\" data-widget_type=\"text-editor.default\">\n\t\t\t\t<div class=\"elementor-widget-container\">\n\t\t\t\t\t\t\t<p><strong><em><u>United States:<\/u><\/em><\/strong><\/p><p>Harvard University, Fogg Museum et Houghton library<\/p><p>Library of Congress<\/p><p>Yale University<\/p><p>Columbia University<\/p><p>University of Western Michigan<\/p><p>University of Delaware<\/p><p>University of Vermont<\/p><p>Rochester Institute of Technology<\/p><p>Vassar College<\/p><p>Wellesley College<\/p><p>Smith College, Mus\u00e9e et biblioth\u00e8que<\/p><p>Stanford University<\/p><p>Princeton University<\/p><p>University of California, Berkeley<\/p><p>Rhode Island School of Design<\/p><p>The New York Public Library<\/p><p>The Boston Athen\u00e6um<\/p><p>Wesleyan University<\/p><p>Getty Research Institute<\/p><p>Swarthmore College<\/p><p>City Bank, New York<\/p><p>Pierpont Morgan Library, New York<\/p><p>Trinity College, Conn.<\/p><p>University of Kentucky<\/p><p>Indiana University<\/p><p>Saint Lawrence University<\/p><p>Cornell University<\/p><p>Lafayette College<\/p><p>Boston College<\/p><p>Georgetown University<\/p><p>Bowdoin College<\/p><p>Brigham Young University<\/p><p>Museum of Fine Arts Boston<\/p><p>New York Botanical Gardens<\/p><p>University of Washington<\/p><p>Portland Museum of Art, Oregon<\/p>\t\t\t\t\t\t<\/div>\n\t\t\t\t<\/div>\n\t\t\t\t\t<\/div>\n\t\t<\/div>\n\t\t\t\t\t<\/div>\n\t\t<\/section>\n\t\t\t\t<\/div>","protected":false},"excerpt":{"rendered":"<p>mus\u00e9es et biblioth\u00e8ques Collections Publiques Collections publiques sur lesquels Verdigris est pr\u00e9sent Les livres des Editions Verdigris ont trouv\u00e9 leur place dans les collections des livres rares des biblioth\u00e8ques majeures du monde, aux Etats Unis, en Europe et m\u00eame en Afrique du sud. En Europe Biblioth\u00e8que Nationale de FranceBiblioth\u00e8que, Institut de FranceBiblioth\u00e8que Ste. Genevi\u00e8ve, ParisBiblioth\u00e8que Jacques Doucet, ParisBiblioth\u00e8que Forney, ParisBiblioth\u00e8que, Mus\u00e9e des Arts D\u00e9coratifs, ParisMus\u00e9e M\u00e9dard, LunelMus\u00e9e de S\u00e8teThe Victoria and Albert Museum, LondonThe British LibraryThe British MuseumBodleian Library, OxfordGulbenkian [&hellip;]<\/p>","protected":false},"author":2,"featured_media":1157,"parent":0,"menu_order":0,"comment_status":"closed","ping_status":"closed","template":"","meta":{"footnotes":""},"class_list":["post-737","page","type-page","status-publish","has-post-thumbnail","hentry"],"yoast_head":"<!-- This site is optimized with the Yoast SEO plugin v27.5 - https:\/\/yoast.com\/product\/yoast-seo-wordpress\/ -->\n<title>Collections publiques - \u00c9ditions Verdigris<\/title>\n<meta name=\"description\" content=\"\u00c9ditions verdigris - Site Officiel - D\u00e9couvrez les Collections Publiques o\u00f9 nous exposons nos diff\u00e9rentes r\u00e9alisations.\" \/>\n<meta name=\"robots\" content=\"index, follow, max-snippet:-1, max-image-preview:large, max-video-preview:-1\" \/>\n<link rel=\"canonical\" href=\"https:\/\/editionsverdigris.com\/en\/collections\/\" \/>\n<meta property=\"og:locale\" content=\"en_GB\" \/>\n<meta property=\"og:type\" content=\"article\" \/>\n<meta property=\"og:title\" content=\"Collections publiques - \u00c9ditions Verdigris\" \/>\n<meta property=\"og:description\" content=\"\u00c9ditions verdigris - Site Officiel - D\u00e9couvrez les Collections Publiques o\u00f9 nous exposons nos diff\u00e9rentes r\u00e9alisations.\" \/>\n<meta property=\"og:url\" content=\"https:\/\/editionsverdigris.com\/en\/collections\/\" \/>\n<meta property=\"og:site_name\" content=\"\u00c9ditions Verdigris\" \/>\n<meta property=\"article:modified_time\" content=\"2025-12-23T20:39:30+00:00\" \/>\n<meta property=\"og:image\" content=\"https:\/\/editionsverdigris.com\/wp-content\/uploads\/2022\/06\/140613751_264725155078594_7667841892102117252_n-e1656026734246.jpg\" \/>\n\t<meta property=\"og:image:width\" content=\"1274\" \/>\n\t<meta property=\"og:image:height\" content=\"1274\" \/>\n\t<meta property=\"og:image:type\" content=\"image\/jpeg\" \/>\n<meta name=\"twitter:card\" content=\"summary_large_image\" \/>\n<meta name=\"twitter:label1\" content=\"Estimated reading time\" \/>\n\t<meta name=\"twitter:data1\" content=\"2 minutes\" \/>\n<script type=\"application\/ld+json\" class=\"yoast-schema-graph\">{\"@context\":\"https:\\\/\\\/schema.org\",\"@graph\":[{\"@type\":\"WebPage\",\"@id\":\"https:\\\/\\\/editionsverdigris.com\\\/collections\\\/\",\"url\":\"https:\\\/\\\/editionsverdigris.com\\\/collections\\\/\",\"name\":\"Collections publiques - \u00c9ditions Verdigris\",\"isPartOf\":{\"@id\":\"https:\\\/\\\/editionsverdigris.com\\\/#website\"},\"primaryImageOfPage\":{\"@id\":\"https:\\\/\\\/editionsverdigris.com\\\/collections\\\/#primaryimage\"},\"image\":{\"@id\":\"https:\\\/\\\/editionsverdigris.com\\\/collections\\\/#primaryimage\"},\"thumbnailUrl\":\"https:\\\/\\\/editionsverdigris.com\\\/wp-content\\\/uploads\\\/2022\\\/06\\\/140613751_264725155078594_7667841892102117252_n-e1656026734246.jpg\",\"datePublished\":\"2022-06-04T00:12:22+00:00\",\"dateModified\":\"2025-12-23T20:39:30+00:00\",\"description\":\"\u00c9ditions verdigris - Site Officiel - D\u00e9couvrez les Collections Publiques o\u00f9 nous exposons nos diff\u00e9rentes r\u00e9alisations.\",\"breadcrumb\":{\"@id\":\"https:\\\/\\\/editionsverdigris.com\\\/collections\\\/#breadcrumb\"},\"inLanguage\":\"en-GB\",\"potentialAction\":[{\"@type\":\"ReadAction\",\"target\":[\"https:\\\/\\\/editionsverdigris.com\\\/collections\\\/\"]}]},{\"@type\":\"ImageObject\",\"inLanguage\":\"en-GB\",\"@id\":\"https:\\\/\\\/editionsverdigris.com\\\/collections\\\/#primaryimage\",\"url\":\"https:\\\/\\\/editionsverdigris.com\\\/wp-content\\\/uploads\\\/2022\\\/06\\\/140613751_264725155078594_7667841892102117252_n-e1656026734246.jpg\",\"contentUrl\":\"https:\\\/\\\/editionsverdigris.com\\\/wp-content\\\/uploads\\\/2022\\\/06\\\/140613751_264725155078594_7667841892102117252_n-e1656026734246.jpg\",\"width\":1274,\"height\":1274,\"caption\":\"Emanuel-von-Baeyer\"},{\"@type\":\"BreadcrumbList\",\"@id\":\"https:\\\/\\\/editionsverdigris.com\\\/collections\\\/#breadcrumb\",\"itemListElement\":[{\"@type\":\"ListItem\",\"position\":1,\"name\":\"Accueil\",\"item\":\"https:\\\/\\\/editionsverdigris.com\\\/\"},{\"@type\":\"ListItem\",\"position\":2,\"name\":\"Collections\"}]},{\"@type\":\"WebSite\",\"@id\":\"https:\\\/\\\/editionsverdigris.com\\\/#website\",\"url\":\"https:\\\/\\\/editionsverdigris.com\\\/\",\"name\":\"\u00c9ditions Verdigris\",\"description\":\"Site Officiel - Sp\u00e9cialiste Cr\u00e9ation de livres d&#039;artiste\",\"publisher\":{\"@id\":\"https:\\\/\\\/editionsverdigris.com\\\/#organization\"},\"potentialAction\":[{\"@type\":\"SearchAction\",\"target\":{\"@type\":\"EntryPoint\",\"urlTemplate\":\"https:\\\/\\\/editionsverdigris.com\\\/?s={search_term_string}\"},\"query-input\":{\"@type\":\"PropertyValueSpecification\",\"valueRequired\":true,\"valueName\":\"search_term_string\"}}],\"inLanguage\":\"en-GB\"},{\"@type\":\"Organization\",\"@id\":\"https:\\\/\\\/editionsverdigris.com\\\/#organization\",\"name\":\"\u00c9ditions Verdigris\",\"url\":\"https:\\\/\\\/editionsverdigris.com\\\/\",\"logo\":{\"@type\":\"ImageObject\",\"inLanguage\":\"en-GB\",\"@id\":\"https:\\\/\\\/editionsverdigris.com\\\/#\\\/schema\\\/logo\\\/image\\\/\",\"url\":\"\",\"contentUrl\":\"\",\"caption\":\"\u00c9ditions Verdigris\"},\"image\":{\"@id\":\"https:\\\/\\\/editionsverdigris.com\\\/#\\\/schema\\\/logo\\\/image\\\/\"}}]}<\/script>\n<!-- \/ Yoast SEO plugin. -->","yoast_head_json":{"title":"Collections publiques - \u00c9ditions Verdigris","description":"\u00c9ditions verdigris - Site Officiel - D\u00e9couvrez les Collections Publiques o\u00f9 nous exposons nos diff\u00e9rentes r\u00e9alisations.","robots":{"index":"index","follow":"follow","max-snippet":"max-snippet:-1","max-image-preview":"max-image-preview:large","max-video-preview":"max-video-preview:-1"},"canonical":"https:\/\/editionsverdigris.com\/en\/collections\/","og_locale":"en_GB","og_type":"article","og_title":"Collections publiques - \u00c9ditions Verdigris","og_description":"\u00c9ditions verdigris - Site Officiel - D\u00e9couvrez les Collections Publiques o\u00f9 nous exposons nos diff\u00e9rentes r\u00e9alisations.","og_url":"https:\/\/editionsverdigris.com\/en\/collections\/","og_site_name":"\u00c9ditions Verdigris","article_modified_time":"2025-12-23T20:39:30+00:00","og_image":[{"width":1274,"height":1274,"url":"https:\/\/editionsverdigris.com\/wp-content\/uploads\/2022\/06\/140613751_264725155078594_7667841892102117252_n-e1656026734246.jpg","type":"image\/jpeg"}],"twitter_card":"summary_large_image","twitter_misc":{"Estimated reading time":"2 minutes"},"schema":{"@context":"https:\/\/schema.org","@graph":[{"@type":"WebPage","@id":"https:\/\/editionsverdigris.com\/collections\/","url":"https:\/\/editionsverdigris.com\/collections\/","name":"Collections publiques - \u00c9ditions Verdigris","isPartOf":{"@id":"https:\/\/editionsverdigris.com\/#website"},"primaryImageOfPage":{"@id":"https:\/\/editionsverdigris.com\/collections\/#primaryimage"},"image":{"@id":"https:\/\/editionsverdigris.com\/collections\/#primaryimage"},"thumbnailUrl":"https:\/\/editionsverdigris.com\/wp-content\/uploads\/2022\/06\/140613751_264725155078594_7667841892102117252_n-e1656026734246.jpg","datePublished":"2022-06-04T00:12:22+00:00","dateModified":"2025-12-23T20:39:30+00:00","description":"\u00c9ditions verdigris - Site Officiel - D\u00e9couvrez les Collections Publiques o\u00f9 nous exposons nos diff\u00e9rentes r\u00e9alisations.","breadcrumb":{"@id":"https:\/\/editionsverdigris.com\/collections\/#breadcrumb"},"inLanguage":"en-GB","potentialAction":[{"@type":"ReadAction","target":["https:\/\/editionsverdigris.com\/collections\/"]}]},{"@type":"ImageObject","inLanguage":"en-GB","@id":"https:\/\/editionsverdigris.com\/collections\/#primaryimage","url":"https:\/\/editionsverdigris.com\/wp-content\/uploads\/2022\/06\/140613751_264725155078594_7667841892102117252_n-e1656026734246.jpg","contentUrl":"https:\/\/editionsverdigris.com\/wp-content\/uploads\/2022\/06\/140613751_264725155078594_7667841892102117252_n-e1656026734246.jpg","width":1274,"height":1274,"caption":"Emanuel-von-Baeyer"},{"@type":"BreadcrumbList","@id":"https:\/\/editionsverdigris.com\/collections\/#breadcrumb","itemListElement":[{"@type":"ListItem","position":1,"name":"Accueil","item":"https:\/\/editionsverdigris.com\/"},{"@type":"ListItem","position":2,"name":"Collections"}]},{"@type":"WebSite","@id":"https:\/\/editionsverdigris.com\/#website","url":"https:\/\/editionsverdigris.com\/","name":"\u00c9ditions Verdigris","description":"Site Officiel - Sp\u00e9cialiste Cr\u00e9ation de livres d&#039;artiste","publisher":{"@id":"https:\/\/editionsverdigris.com\/#organization"},"potentialAction":[{"@type":"SearchAction","target":{"@type":"EntryPoint","urlTemplate":"https:\/\/editionsverdigris.com\/?s={search_term_string}"},"query-input":{"@type":"PropertyValueSpecification","valueRequired":true,"valueName":"search_term_string"}}],"inLanguage":"en-GB"},{"@type":"Organization","@id":"https:\/\/editionsverdigris.com\/#organization","name":"\u00c9ditions Verdigris","url":"https:\/\/editionsverdigris.com\/","logo":{"@type":"ImageObject","inLanguage":"en-GB","@id":"https:\/\/editionsverdigris.com\/#\/schema\/logo\/image\/","url":"","contentUrl":"","caption":"\u00c9ditions Verdigris"},"image":{"@id":"https:\/\/editionsverdigris.com\/#\/schema\/logo\/image\/"}}]}},"_links":{"self":[{"href":"https:\/\/editionsverdigris.com\/en\/wp-json\/wp\/v2\/pages\/737","targetHints":{"allow":["GET"]}}],"collection":[{"href":"https:\/\/editionsverdigris.com\/en\/wp-json\/wp\/v2\/pages"}],"about":[{"href":"https:\/\/editionsverdigris.com\/en\/wp-json\/wp\/v2\/types\/page"}],"author":[{"embeddable":true,"href":"https:\/\/editionsverdigris.com\/en\/wp-json\/wp\/v2\/users\/2"}],"replies":[{"embeddable":true,"href":"https:\/\/editionsverdigris.com\/en\/wp-json\/wp\/v2\/comments?post=737"}],"version-history":[{"count":56,"href":"https:\/\/editionsverdigris.com\/en\/wp-json\/wp\/v2\/pages\/737\/revisions"}],"predecessor-version":[{"id":2085,"href":"https:\/\/editionsverdigris.com\/en\/wp-json\/wp\/v2\/pages\/737\/revisions\/2085"}],"wp:featuredmedia":[{"embeddable":true,"href":"https:\/\/editionsverdigris.com\/en\/wp-json\/wp\/v2\/media\/1157"}],"wp:attachment":[{"href":"https:\/\/editionsverdigris.com\/en\/wp-json\/wp\/v2\/media?parent=737"}],"curies":[{"name":"wp","href":"https:\/\/api.w.org\/{rel}","templated":true}]}}