{"id":386,"date":"2022-04-08T13:39:18","date_gmt":"2022-04-08T11:39:18","guid":{"rendered":"https:\/\/editionsverdigris.com\/?page_id=386"},"modified":"2022-06-26T00:49:31","modified_gmt":"2022-06-25T22:49:31","slug":"politique-de-confidentialite","status":"publish","type":"page","link":"https:\/\/editionsverdigris.com\/en\/politique-de-confidentialite\/","title":{"rendered":"Privacy policy"},"content":{"rendered":"<div data-elementor-type=\"wp-page\" data-elementor-id=\"386\" class=\"elementor elementor-386\">\n\t\t\t\t\t\t<section class=\"jarallax lazyload elementor-section elementor-top-section elementor-element elementor-element-5d5aaa0 elementor-section-boxed elementor-section-height-default elementor-section-height-default\" data-jarallax=\"\" data-speed=\"0.75\" data-type=\"scroll\" data-parallax=\"scroll\" style=\"background-image:url(&quot;https:\/\/editionsverdigris.com\/wp-content\/uploads\/2022\/04\/colophon-typo-scaled.jpg&quot;);\" data-image-src=\"https:\/\/editionsverdigris.com\/wp-content\/uploads\/2022\/04\/colophon-typo-scaled.jpg\" data-id=\"5d5aaa0\" data-element_type=\"section\" data-settings=\"{&quot;background_background&quot;:&quot;classic&quot;}\">\n\t\t\t\t\t\t\t<div class=\"elementor-background-overlay\"><\/div>\n\t\t\t\t\t\t\t<div class=\"elementor-container elementor-column-gap-default\">\n\t\t\t\t\t<div class=\"elementor-column elementor-col-100 elementor-top-column elementor-element elementor-element-09328e5\" data-id=\"09328e5\" data-element_type=\"column\">\n\t\t\t<div class=\"elementor-widget-wrap elementor-element-populated\">\n\t\t\t\t\t\t<div class=\"elementor-element elementor-element-7b977c5 section-align-center section-size-large subtitle-style-default elementor-widget elementor-widget-section-heading\" data-id=\"7b977c5\" data-element_type=\"widget\" data-widget_type=\"section-heading.default\">\n\t\t\t\t<div class=\"elementor-widget-container\">\n\t\t\t<div class=\"section-heading headingstyle-subtitle\"><h5 class=\"entry-sub-title section-sub-title\">D\u00e9couvrez notre politique de confidentialit\u00e9.<\/h5><div class=\"section-title-wrapper\"><h1 class=\"entry-title section-title\">Privacy policy<\/h1><\/div><\/div>\t\t<\/div>\n\t\t\t\t<\/div>\n\t\t\t\t\t<\/div>\n\t\t<\/div>\n\t\t\t\t\t<\/div>\n\t\t<\/section>\n\t\t\t\t<section class=\"elementor-section elementor-top-section elementor-element elementor-element-52646a2 elementor-section-boxed elementor-section-height-default elementor-section-height-default\" data-id=\"52646a2\" data-element_type=\"section\">\n\t\t\t\t\t\t<div class=\"elementor-container elementor-column-gap-default\">\n\t\t\t\t\t<div class=\"elementor-column elementor-col-100 elementor-top-column elementor-element elementor-element-6659bc7\" data-id=\"6659bc7\" data-element_type=\"column\">\n\t\t\t<div class=\"elementor-widget-wrap elementor-element-populated\">\n\t\t\t\t\t\t<div class=\"elementor-element elementor-element-3cbd919 elementor-widget elementor-widget-heading\" data-id=\"3cbd919\" data-element_type=\"widget\" data-widget_type=\"heading.default\">\n\t\t\t\t<div class=\"elementor-widget-container\">\n\t\t\t<h2 class=\"elementor-heading-title elementor-size-default\">1- Qui sommes-nous ?<\/h2>\t\t<\/div>\n\t\t\t\t<\/div>\n\t\t\t\t<div class=\"elementor-element elementor-element-70ba621 elementor-widget elementor-widget-text-editor\" data-id=\"70ba621\" data-element_type=\"widget\" data-widget_type=\"text-editor.default\">\n\t\t\t\t<div class=\"elementor-widget-container\">\n\t\t\t\t\t\t\t<p>L\u2019adresse de notre site est : https:\/\/editionsverdigris.com<\/p>\t\t\t\t\t\t<\/div>\n\t\t\t\t<\/div>\n\t\t\t\t<div class=\"elementor-element elementor-element-b1352b4 elementor-widget elementor-widget-heading\" data-id=\"b1352b4\" data-element_type=\"widget\" data-widget_type=\"heading.default\">\n\t\t\t\t<div class=\"elementor-widget-container\">\n\t\t\t<h2 class=\"elementor-heading-title elementor-size-default\">2- Commentaires<\/h2>\t\t<\/div>\n\t\t\t\t<\/div>\n\t\t\t\t<div class=\"elementor-element elementor-element-9da9f8c elementor-widget elementor-widget-text-editor\" data-id=\"9da9f8c\" data-element_type=\"widget\" data-widget_type=\"text-editor.default\">\n\t\t\t\t<div class=\"elementor-widget-container\">\n\t\t\t\t\t\t\t<p>Quand vous laissez un commentaire sur notre site, les donn\u00e9es inscrites dans le formulaire de commentaire, ainsi que votre adresse IP et l\u2019agent utilisateur de votre navigateur sont collect\u00e9s pour nous aider \u00e0 la d\u00e9tection des commentaires ind\u00e9sirables.<\/p><p>Une cha\u00eene anonymis\u00e9e cr\u00e9\u00e9e \u00e0 partir de votre adresse e-mail (\u00e9galement appel\u00e9e hash) peut \u00eatre envoy\u00e9e au service Gravatar pour v\u00e9rifier si vous utilisez ce dernier. Les clauses de confidentialit\u00e9 du service Gravatar sont disponibles ici\u00a0: https:\/\/automattic.com\/privacy\/. Apr\u00e8s validation de votre commentaire, votre photo de profil sera visible publiquement \u00e0 cot\u00e9 de votre commentaire.<\/p>\t\t\t\t\t\t<\/div>\n\t\t\t\t<\/div>\n\t\t\t\t<div class=\"elementor-element elementor-element-36afd92 elementor-widget elementor-widget-heading\" data-id=\"36afd92\" data-element_type=\"widget\" data-widget_type=\"heading.default\">\n\t\t\t\t<div class=\"elementor-widget-container\">\n\t\t\t<h2 class=\"elementor-heading-title elementor-size-default\">3 - M\u00e9dias<\/h2>\t\t<\/div>\n\t\t\t\t<\/div>\n\t\t\t\t<div class=\"elementor-element elementor-element-4bf0af2 elementor-widget elementor-widget-text-editor\" data-id=\"4bf0af2\" data-element_type=\"widget\" data-widget_type=\"text-editor.default\">\n\t\t\t\t<div class=\"elementor-widget-container\">\n\t\t\t\t\t\t\t<p>Si vous t\u00e9l\u00e9versez des images sur le site, nous vous conseillons d\u2019\u00e9viter de t\u00e9l\u00e9verser des images contenant des donn\u00e9es EXIF de coordonn\u00e9es GPS. Les personnes visitant votre site peuvent t\u00e9l\u00e9charger et extraire des donn\u00e9es de localisation depuis ces images.<\/p>\t\t\t\t\t\t<\/div>\n\t\t\t\t<\/div>\n\t\t\t\t<div class=\"elementor-element elementor-element-d70f08e elementor-widget elementor-widget-heading\" data-id=\"d70f08e\" data-element_type=\"widget\" data-widget_type=\"heading.default\">\n\t\t\t\t<div class=\"elementor-widget-container\">\n\t\t\t<h2 class=\"elementor-heading-title elementor-size-default\">4 - Cookies<\/h2>\t\t<\/div>\n\t\t\t\t<\/div>\n\t\t\t\t<div class=\"elementor-element elementor-element-17529e4 elementor-widget elementor-widget-text-editor\" data-id=\"17529e4\" data-element_type=\"widget\" data-widget_type=\"text-editor.default\">\n\t\t\t\t<div class=\"elementor-widget-container\">\n\t\t\t\t\t\t\t<p>Si vous d\u00e9posez un commentaire sur notre site, il vous sera propos\u00e9 d\u2019enregistrer votre nom, adresse e-mail et site dans des cookies. C\u2019est uniquement pour votre confort afin de ne pas avoir \u00e0 saisir ces informations si vous d\u00e9posez un autre commentaire plus tard. Ces cookies expirent au bout d\u2019un an.<\/p><p>Si vous vous rendez sur la page de connexion, un cookie temporaire sera cr\u00e9\u00e9 afin de d\u00e9terminer si votre navigateur accepte les cookies. Il ne contient pas de donn\u00e9es personnelles et sera supprim\u00e9 automatiquement \u00e0 la fermeture de votre navigateur.<\/p><p>Lorsque vous vous connecterez, nous mettrons en place un certain nombre de cookies pour enregistrer vos informations de connexion et vos pr\u00e9f\u00e9rences d\u2019\u00e9cran. La dur\u00e9e de vie d\u2019un cookie de connexion est de deux jours, celle d\u2019un cookie d\u2019option d\u2019\u00e9cran est d\u2019un an. Si vous cochez \u00ab\u00a0Se souvenir de moi\u00a0\u00bb, votre cookie de connexion sera conserv\u00e9 pendant deux semaines. Si vous vous d\u00e9connectez de votre compte, le cookie de connexion sera effac\u00e9.<\/p><p>En modifiant ou en publiant une publication, un cookie suppl\u00e9mentaire sera enregistr\u00e9 dans votre navigateur. Ce cookie ne comprend aucune donn\u00e9e personnelle. Il indique simplement l\u2019ID de la publication que vous venez de modifier. Il expire au bout d\u2019un jour.<\/p>\t\t\t\t\t\t<\/div>\n\t\t\t\t<\/div>\n\t\t\t\t<div class=\"elementor-element elementor-element-a2d3772 elementor-widget elementor-widget-heading\" data-id=\"a2d3772\" data-element_type=\"widget\" data-widget_type=\"heading.default\">\n\t\t\t\t<div class=\"elementor-widget-container\">\n\t\t\t<h2 class=\"elementor-heading-title elementor-size-default\">5 - Contenu embarqu\u00e9 depuis d'autres sites<\/h2>\t\t<\/div>\n\t\t\t\t<\/div>\n\t\t\t\t<div class=\"elementor-element elementor-element-00473c9 elementor-widget elementor-widget-text-editor\" data-id=\"00473c9\" data-element_type=\"widget\" data-widget_type=\"text-editor.default\">\n\t\t\t\t<div class=\"elementor-widget-container\">\n\t\t\t\t\t\t\t<p>Les articles de ce site peuvent inclure des contenus int\u00e9gr\u00e9s (par exemple des vid\u00e9os, images, articles\u2026). Le contenu int\u00e9gr\u00e9 depuis d\u2019autres sites se comporte de la m\u00eame mani\u00e8re que si le visiteur se rendait sur cet autre site.<\/p><p>Ces sites web pourraient collecter des donn\u00e9es sur vous, utiliser des cookies, embarquer des outils de suivis tiers, suivre vos interactions avec ces contenus embarqu\u00e9s si vous disposez d\u2019un compte connect\u00e9 sur leur site web.<\/p>\t\t\t\t\t\t<\/div>\n\t\t\t\t<\/div>\n\t\t\t\t<div class=\"elementor-element elementor-element-b923b10 elementor-widget elementor-widget-heading\" data-id=\"b923b10\" data-element_type=\"widget\" data-widget_type=\"heading.default\">\n\t\t\t\t<div class=\"elementor-widget-container\">\n\t\t\t<h2 class=\"elementor-heading-title elementor-size-default\">6 - Utilisation et transmission de vos donn\u00e9es personnelles<\/h2>\t\t<\/div>\n\t\t\t\t<\/div>\n\t\t\t\t<div class=\"elementor-element elementor-element-02c09b8 elementor-widget elementor-widget-text-editor\" data-id=\"02c09b8\" data-element_type=\"widget\" data-widget_type=\"text-editor.default\">\n\t\t\t\t<div class=\"elementor-widget-container\">\n\t\t\t\t\t\t\t<p>Si vous demandez une r\u00e9initialisation de votre mot de passe, votre adresse IP sera incluse dans l\u2019e-mail de r\u00e9initialisation.<\/p>\t\t\t\t\t\t<\/div>\n\t\t\t\t<\/div>\n\t\t\t\t<div class=\"elementor-element elementor-element-a882bee elementor-widget elementor-widget-heading\" data-id=\"a882bee\" data-element_type=\"widget\" data-widget_type=\"heading.default\">\n\t\t\t\t<div class=\"elementor-widget-container\">\n\t\t\t<h2 class=\"elementor-heading-title elementor-size-default\">7 - Dur\u00e9es de stockage de vos donn\u00e9es<\/h2>\t\t<\/div>\n\t\t\t\t<\/div>\n\t\t\t\t<div class=\"elementor-element elementor-element-7130d69 elementor-widget elementor-widget-text-editor\" data-id=\"7130d69\" data-element_type=\"widget\" data-widget_type=\"text-editor.default\">\n\t\t\t\t<div class=\"elementor-widget-container\">\n\t\t\t\t\t\t\t<p>Si vous laissez un commentaire, le commentaire et ses m\u00e9tadonn\u00e9es sont conserv\u00e9s ind\u00e9finiment. Cela permet de reconna\u00eetre et approuver automatiquement les commentaires suivants au lieu de les laisser dans la file de mod\u00e9ration.<\/p><p>Pour les comptes qui s\u2019inscrivent sur notre site (le cas \u00e9ch\u00e9ant), nous stockons \u00e9galement les donn\u00e9es personnelles indiqu\u00e9es dans leur profil. Tous les comptes peuvent voir, modifier ou supprimer leurs informations personnelles \u00e0 tout moment (\u00e0 l\u2019exception de leur identifiant). Les gestionnaires du site peuvent aussi voir et modifier ces informations.<\/p>\t\t\t\t\t\t<\/div>\n\t\t\t\t<\/div>\n\t\t\t\t<div class=\"elementor-element elementor-element-1e4c0a9 elementor-widget elementor-widget-heading\" data-id=\"1e4c0a9\" data-element_type=\"widget\" data-widget_type=\"heading.default\">\n\t\t\t\t<div class=\"elementor-widget-container\">\n\t\t\t<h2 class=\"elementor-heading-title elementor-size-default\">8 - Les droits que vous avez sur vos donn\u00e9es<\/h2>\t\t<\/div>\n\t\t\t\t<\/div>\n\t\t\t\t<div class=\"elementor-element elementor-element-3a8c876 elementor-widget elementor-widget-text-editor\" data-id=\"3a8c876\" data-element_type=\"widget\" data-widget_type=\"text-editor.default\">\n\t\t\t\t<div class=\"elementor-widget-container\">\n\t\t\t\t\t\t\t<p>Si vous avez un compte ou si vous avez laiss\u00e9 des commentaires sur le site, vous pouvez demander \u00e0 recevoir un fichier contenant toutes les donn\u00e9es personnelles que nous poss\u00e9dons \u00e0 votre sujet, incluant celles que vous nous avez fournies. Vous pouvez \u00e9galement demander la suppression des donn\u00e9es personnelles vous concernant. Cela ne prend pas en compte les donn\u00e9es stock\u00e9es \u00e0 des fins administratives, l\u00e9gales ou pour des raisons de s\u00e9curit\u00e9.<\/p>\t\t\t\t\t\t<\/div>\n\t\t\t\t<\/div>\n\t\t\t\t<div class=\"elementor-element elementor-element-225b01a elementor-widget elementor-widget-heading\" data-id=\"225b01a\" data-element_type=\"widget\" data-widget_type=\"heading.default\">\n\t\t\t\t<div class=\"elementor-widget-container\">\n\t\t\t<h2 class=\"elementor-heading-title elementor-size-default\">9 - Transmission de vos donn\u00e9es personnelles<\/h2>\t\t<\/div>\n\t\t\t\t<\/div>\n\t\t\t\t<div class=\"elementor-element elementor-element-7bfe246 elementor-widget elementor-widget-text-editor\" data-id=\"7bfe246\" data-element_type=\"widget\" data-widget_type=\"text-editor.default\">\n\t\t\t\t<div class=\"elementor-widget-container\">\n\t\t\t\t\t\t\t<p>Les commentaires des visiteurs peuvent \u00eatre v\u00e9rifi\u00e9s \u00e0 l\u2019aide d\u2019un service automatis\u00e9 de d\u00e9tection des commentaires ind\u00e9sirables.<\/p>\t\t\t\t\t\t<\/div>\n\t\t\t\t<\/div>\n\t\t\t\t\t<\/div>\n\t\t<\/div>\n\t\t\t\t\t<\/div>\n\t\t<\/section>\n\t\t\t\t<\/div>","protected":false},"excerpt":{"rendered":"<p>D\u00e9couvrez notre politique de confidentialit\u00e9. Politique de confidentialit\u00e9 1- Qui sommes-nous ? L\u2019adresse de notre site est : https:\/\/editionsverdigris.com 2- Commentaires Quand vous laissez un commentaire sur notre site, les donn\u00e9es inscrites dans le formulaire de commentaire, ainsi que votre adresse IP et l\u2019agent utilisateur de votre navigateur sont collect\u00e9s pour nous aider \u00e0 la d\u00e9tection des commentaires ind\u00e9sirables. Une cha\u00eene anonymis\u00e9e cr\u00e9\u00e9e \u00e0 partir de votre adresse e-mail (\u00e9galement appel\u00e9e hash) peut \u00eatre envoy\u00e9e au service Gravatar pour v\u00e9rifier [&hellip;]<\/p>","protected":false},"author":2,"featured_media":18,"parent":0,"menu_order":0,"comment_status":"closed","ping_status":"closed","template":"","meta":{"footnotes":""},"class_list":["post-386","page","type-page","status-publish","has-post-thumbnail","hentry"],"yoast_head":"<!-- This site is optimized with the Yoast SEO plugin v27.4 - https:\/\/yoast.com\/product\/yoast-seo-wordpress\/ -->\n<title>Politique de confidentialit\u00e9 - \u00c9ditions Verdigris<\/title>\n<meta name=\"description\" content=\"Politique de confidentialit\u00e9. Retrouvez toutes les informations de confidentialit\u00e9 du site editionsverdigris.com\" \/>\n<meta name=\"robots\" content=\"index, follow, max-snippet:-1, max-image-preview:large, max-video-preview:-1\" \/>\n<link rel=\"canonical\" href=\"https:\/\/editionsverdigris.com\/en\/politique-de-confidentialite\/\" \/>\n<meta property=\"og:locale\" content=\"en_GB\" \/>\n<meta property=\"og:type\" content=\"article\" \/>\n<meta property=\"og:title\" content=\"Politique de confidentialit\u00e9 - \u00c9ditions Verdigris\" \/>\n<meta property=\"og:description\" content=\"Politique de confidentialit\u00e9. Retrouvez toutes les informations de confidentialit\u00e9 du site editionsverdigris.com\" \/>\n<meta property=\"og:url\" content=\"https:\/\/editionsverdigris.com\/en\/politique-de-confidentialite\/\" \/>\n<meta property=\"og:site_name\" content=\"\u00c9ditions Verdigris\" \/>\n<meta property=\"article:modified_time\" content=\"2022-06-25T22:49:31+00:00\" \/>\n<meta property=\"og:image\" content=\"https:\/\/editionsverdigris.com\/wp-content\/uploads\/2022\/04\/cropped-icon-verdigris2.png\" \/>\n\t<meta property=\"og:image:width\" content=\"512\" \/>\n\t<meta property=\"og:image:height\" content=\"512\" \/>\n\t<meta property=\"og:image:type\" content=\"image\/png\" \/>\n<meta name=\"twitter:card\" content=\"summary_large_image\" \/>\n<meta name=\"twitter:label1\" content=\"Estimated reading time\" \/>\n\t<meta name=\"twitter:data1\" content=\"4 minutes\" \/>\n<script type=\"application\/ld+json\" class=\"yoast-schema-graph\">{\"@context\":\"https:\\\/\\\/schema.org\",\"@graph\":[{\"@type\":\"WebPage\",\"@id\":\"https:\\\/\\\/editionsverdigris.com\\\/politique-de-confidentialite\\\/\",\"url\":\"https:\\\/\\\/editionsverdigris.com\\\/politique-de-confidentialite\\\/\",\"name\":\"Politique de confidentialit\u00e9 - \u00c9ditions Verdigris\",\"isPartOf\":{\"@id\":\"https:\\\/\\\/editionsverdigris.com\\\/#website\"},\"primaryImageOfPage\":{\"@id\":\"https:\\\/\\\/editionsverdigris.com\\\/politique-de-confidentialite\\\/#primaryimage\"},\"image\":{\"@id\":\"https:\\\/\\\/editionsverdigris.com\\\/politique-de-confidentialite\\\/#primaryimage\"},\"thumbnailUrl\":\"https:\\\/\\\/editionsverdigris.com\\\/wp-content\\\/uploads\\\/2022\\\/04\\\/cropped-icon-verdigris2.png\",\"datePublished\":\"2022-04-08T11:39:18+00:00\",\"dateModified\":\"2022-06-25T22:49:31+00:00\",\"description\":\"Politique de confidentialit\u00e9. Retrouvez toutes les informations de confidentialit\u00e9 du site editionsverdigris.com\",\"breadcrumb\":{\"@id\":\"https:\\\/\\\/editionsverdigris.com\\\/politique-de-confidentialite\\\/#breadcrumb\"},\"inLanguage\":\"en-GB\",\"potentialAction\":[{\"@type\":\"ReadAction\",\"target\":[\"https:\\\/\\\/editionsverdigris.com\\\/politique-de-confidentialite\\\/\"]}]},{\"@type\":\"ImageObject\",\"inLanguage\":\"en-GB\",\"@id\":\"https:\\\/\\\/editionsverdigris.com\\\/politique-de-confidentialite\\\/#primaryimage\",\"url\":\"https:\\\/\\\/editionsverdigris.com\\\/wp-content\\\/uploads\\\/2022\\\/04\\\/cropped-icon-verdigris2.png\",\"contentUrl\":\"https:\\\/\\\/editionsverdigris.com\\\/wp-content\\\/uploads\\\/2022\\\/04\\\/cropped-icon-verdigris2.png\",\"width\":512,\"height\":512,\"caption\":\"favicon-verdigris\"},{\"@type\":\"BreadcrumbList\",\"@id\":\"https:\\\/\\\/editionsverdigris.com\\\/politique-de-confidentialite\\\/#breadcrumb\",\"itemListElement\":[{\"@type\":\"ListItem\",\"position\":1,\"name\":\"Accueil\",\"item\":\"https:\\\/\\\/editionsverdigris.com\\\/\"},{\"@type\":\"ListItem\",\"position\":2,\"name\":\"Politique de confidentialit\u00e9\"}]},{\"@type\":\"WebSite\",\"@id\":\"https:\\\/\\\/editionsverdigris.com\\\/#website\",\"url\":\"https:\\\/\\\/editionsverdigris.com\\\/\",\"name\":\"\u00c9ditions Verdigris\",\"description\":\"Site Officiel - Sp\u00e9cialiste Cr\u00e9ation de livres d&#039;artiste\",\"publisher\":{\"@id\":\"https:\\\/\\\/editionsverdigris.com\\\/#organization\"},\"potentialAction\":[{\"@type\":\"SearchAction\",\"target\":{\"@type\":\"EntryPoint\",\"urlTemplate\":\"https:\\\/\\\/editionsverdigris.com\\\/?s={search_term_string}\"},\"query-input\":{\"@type\":\"PropertyValueSpecification\",\"valueRequired\":true,\"valueName\":\"search_term_string\"}}],\"inLanguage\":\"en-GB\"},{\"@type\":\"Organization\",\"@id\":\"https:\\\/\\\/editionsverdigris.com\\\/#organization\",\"name\":\"\u00c9ditions Verdigris\",\"url\":\"https:\\\/\\\/editionsverdigris.com\\\/\",\"logo\":{\"@type\":\"ImageObject\",\"inLanguage\":\"en-GB\",\"@id\":\"https:\\\/\\\/editionsverdigris.com\\\/#\\\/schema\\\/logo\\\/image\\\/\",\"url\":\"\",\"contentUrl\":\"\",\"caption\":\"\u00c9ditions Verdigris\"},\"image\":{\"@id\":\"https:\\\/\\\/editionsverdigris.com\\\/#\\\/schema\\\/logo\\\/image\\\/\"}}]}<\/script>\n<!-- \/ Yoast SEO plugin. -->","yoast_head_json":{"title":"Politique de confidentialit\u00e9 - \u00c9ditions Verdigris","description":"Politique de confidentialit\u00e9. Retrouvez toutes les informations de confidentialit\u00e9 du site editionsverdigris.com","robots":{"index":"index","follow":"follow","max-snippet":"max-snippet:-1","max-image-preview":"max-image-preview:large","max-video-preview":"max-video-preview:-1"},"canonical":"https:\/\/editionsverdigris.com\/en\/politique-de-confidentialite\/","og_locale":"en_GB","og_type":"article","og_title":"Politique de confidentialit\u00e9 - \u00c9ditions Verdigris","og_description":"Politique de confidentialit\u00e9. Retrouvez toutes les informations de confidentialit\u00e9 du site editionsverdigris.com","og_url":"https:\/\/editionsverdigris.com\/en\/politique-de-confidentialite\/","og_site_name":"\u00c9ditions Verdigris","article_modified_time":"2022-06-25T22:49:31+00:00","og_image":[{"width":512,"height":512,"url":"https:\/\/editionsverdigris.com\/wp-content\/uploads\/2022\/04\/cropped-icon-verdigris2.png","type":"image\/png"}],"twitter_card":"summary_large_image","twitter_misc":{"Estimated reading time":"4 minutes"},"schema":{"@context":"https:\/\/schema.org","@graph":[{"@type":"WebPage","@id":"https:\/\/editionsverdigris.com\/politique-de-confidentialite\/","url":"https:\/\/editionsverdigris.com\/politique-de-confidentialite\/","name":"Politique de confidentialit\u00e9 - \u00c9ditions Verdigris","isPartOf":{"@id":"https:\/\/editionsverdigris.com\/#website"},"primaryImageOfPage":{"@id":"https:\/\/editionsverdigris.com\/politique-de-confidentialite\/#primaryimage"},"image":{"@id":"https:\/\/editionsverdigris.com\/politique-de-confidentialite\/#primaryimage"},"thumbnailUrl":"https:\/\/editionsverdigris.com\/wp-content\/uploads\/2022\/04\/cropped-icon-verdigris2.png","datePublished":"2022-04-08T11:39:18+00:00","dateModified":"2022-06-25T22:49:31+00:00","description":"Politique de confidentialit\u00e9. Retrouvez toutes les informations de confidentialit\u00e9 du site editionsverdigris.com","breadcrumb":{"@id":"https:\/\/editionsverdigris.com\/politique-de-confidentialite\/#breadcrumb"},"inLanguage":"en-GB","potentialAction":[{"@type":"ReadAction","target":["https:\/\/editionsverdigris.com\/politique-de-confidentialite\/"]}]},{"@type":"ImageObject","inLanguage":"en-GB","@id":"https:\/\/editionsverdigris.com\/politique-de-confidentialite\/#primaryimage","url":"https:\/\/editionsverdigris.com\/wp-content\/uploads\/2022\/04\/cropped-icon-verdigris2.png","contentUrl":"https:\/\/editionsverdigris.com\/wp-content\/uploads\/2022\/04\/cropped-icon-verdigris2.png","width":512,"height":512,"caption":"favicon-verdigris"},{"@type":"BreadcrumbList","@id":"https:\/\/editionsverdigris.com\/politique-de-confidentialite\/#breadcrumb","itemListElement":[{"@type":"ListItem","position":1,"name":"Accueil","item":"https:\/\/editionsverdigris.com\/"},{"@type":"ListItem","position":2,"name":"Politique de confidentialit\u00e9"}]},{"@type":"WebSite","@id":"https:\/\/editionsverdigris.com\/#website","url":"https:\/\/editionsverdigris.com\/","name":"\u00c9ditions Verdigris","description":"Site Officiel - Sp\u00e9cialiste Cr\u00e9ation de livres d&#039;artiste","publisher":{"@id":"https:\/\/editionsverdigris.com\/#organization"},"potentialAction":[{"@type":"SearchAction","target":{"@type":"EntryPoint","urlTemplate":"https:\/\/editionsverdigris.com\/?s={search_term_string}"},"query-input":{"@type":"PropertyValueSpecification","valueRequired":true,"valueName":"search_term_string"}}],"inLanguage":"en-GB"},{"@type":"Organization","@id":"https:\/\/editionsverdigris.com\/#organization","name":"\u00c9ditions Verdigris","url":"https:\/\/editionsverdigris.com\/","logo":{"@type":"ImageObject","inLanguage":"en-GB","@id":"https:\/\/editionsverdigris.com\/#\/schema\/logo\/image\/","url":"","contentUrl":"","caption":"\u00c9ditions Verdigris"},"image":{"@id":"https:\/\/editionsverdigris.com\/#\/schema\/logo\/image\/"}}]}},"_links":{"self":[{"href":"https:\/\/editionsverdigris.com\/en\/wp-json\/wp\/v2\/pages\/386","targetHints":{"allow":["GET"]}}],"collection":[{"href":"https:\/\/editionsverdigris.com\/en\/wp-json\/wp\/v2\/pages"}],"about":[{"href":"https:\/\/editionsverdigris.com\/en\/wp-json\/wp\/v2\/types\/page"}],"author":[{"embeddable":true,"href":"https:\/\/editionsverdigris.com\/en\/wp-json\/wp\/v2\/users\/2"}],"replies":[{"embeddable":true,"href":"https:\/\/editionsverdigris.com\/en\/wp-json\/wp\/v2\/comments?post=386"}],"version-history":[{"count":15,"href":"https:\/\/editionsverdigris.com\/en\/wp-json\/wp\/v2\/pages\/386\/revisions"}],"predecessor-version":[{"id":1519,"href":"https:\/\/editionsverdigris.com\/en\/wp-json\/wp\/v2\/pages\/386\/revisions\/1519"}],"wp:featuredmedia":[{"embeddable":true,"href":"https:\/\/editionsverdigris.com\/en\/wp-json\/wp\/v2\/media\/18"}],"wp:attachment":[{"href":"https:\/\/editionsverdigris.com\/en\/wp-json\/wp\/v2\/media?parent=386"}],"curies":[{"name":"wp","href":"https:\/\/api.w.org\/{rel}","templated":true}]}}