{"id":362,"date":"2022-04-07T16:11:32","date_gmt":"2022-04-07T14:11:32","guid":{"rendered":"https:\/\/editionsverdigris.com\/?page_id=362"},"modified":"2022-06-26T00:49:07","modified_gmt":"2022-06-25T22:49:07","slug":"mentions-legales","status":"publish","type":"page","link":"https:\/\/editionsverdigris.com\/en\/mentions-legales\/","title":{"rendered":"Legal notice"},"content":{"rendered":"<div data-elementor-type=\"wp-page\" data-elementor-id=\"362\" class=\"elementor elementor-362\">\n\t\t\t\t\t\t<section class=\"jarallax lazyload elementor-section elementor-top-section elementor-element elementor-element-a46d051 elementor-section-boxed elementor-section-height-default elementor-section-height-default\" data-jarallax=\"\" data-speed=\"0.75\" data-type=\"scroll\" data-parallax=\"scroll\" style=\"background-image:url(&quot;https:\/\/editionsverdigris.com\/wp-content\/uploads\/2022\/04\/colophon-typo-scaled.jpg&quot;);\" data-image-src=\"https:\/\/editionsverdigris.com\/wp-content\/uploads\/2022\/04\/colophon-typo-scaled.jpg\" data-id=\"a46d051\" data-element_type=\"section\" data-settings=\"{&quot;background_background&quot;:&quot;classic&quot;}\">\n\t\t\t\t\t\t\t<div class=\"elementor-background-overlay\"><\/div>\n\t\t\t\t\t\t\t<div class=\"elementor-container elementor-column-gap-default\">\n\t\t\t\t\t<div class=\"elementor-column elementor-col-100 elementor-top-column elementor-element elementor-element-3ac676b\" data-id=\"3ac676b\" data-element_type=\"column\">\n\t\t\t<div class=\"elementor-widget-wrap elementor-element-populated\">\n\t\t\t\t\t\t<div class=\"elementor-element elementor-element-d623d29 section-align-center section-size-large subtitle-style-default elementor-widget elementor-widget-section-heading\" data-id=\"d623d29\" data-element_type=\"widget\" data-widget_type=\"section-heading.default\">\n\t\t\t\t<div class=\"elementor-widget-container\">\n\t\t\t<div class=\"section-heading headingstyle-subtitle\"><h5 class=\"entry-sub-title section-sub-title\">D\u00e9couvrez les mentions l\u00e9gales du site internet.<\/h5><div class=\"section-title-wrapper\"><h1 class=\"entry-title section-title\">Legal notice<\/h1><\/div><\/div>\t\t<\/div>\n\t\t\t\t<\/div>\n\t\t\t\t\t<\/div>\n\t\t<\/div>\n\t\t\t\t\t<\/div>\n\t\t<\/section>\n\t\t\t\t<section class=\"elementor-section elementor-top-section elementor-element elementor-element-52646a2 elementor-section-boxed elementor-section-height-default elementor-section-height-default\" data-id=\"52646a2\" data-element_type=\"section\">\n\t\t\t\t\t\t<div class=\"elementor-container elementor-column-gap-default\">\n\t\t\t\t\t<div class=\"elementor-column elementor-col-100 elementor-top-column elementor-element elementor-element-6659bc7\" data-id=\"6659bc7\" data-element_type=\"column\">\n\t\t\t<div class=\"elementor-widget-wrap elementor-element-populated\">\n\t\t\t\t\t\t<div class=\"elementor-element elementor-element-3cbd919 elementor-widget elementor-widget-heading\" data-id=\"3cbd919\" data-element_type=\"widget\" data-widget_type=\"heading.default\">\n\t\t\t\t<div class=\"elementor-widget-container\">\n\t\t\t<h2 class=\"elementor-heading-title elementor-size-default\">1- Edition du site<\/h2>\t\t<\/div>\n\t\t\t\t<\/div>\n\t\t\t\t<div class=\"elementor-element elementor-element-70ba621 elementor-widget elementor-widget-text-editor\" data-id=\"70ba621\" data-element_type=\"widget\" data-widget_type=\"text-editor.default\">\n\t\t\t\t<div class=\"elementor-widget-container\">\n\t\t\t\t\t\t\t<p>En vertu de l\u2019article 6 de la loi n\u00b0 2004-575 du 21 juin 2004 pour la confiance dans l\u2019\u00e9conomie num\u00e9rique, il est pr\u00e9cis\u00e9 aux utilisateurs du site www.editionsverdigris.com l\u2019identit\u00e9 des diff\u00e9rents intervenants dans le cadre de sa r\u00e9alisation et de son suivi :<\/p><p><strong>Propri\u00e9taire :<\/strong> Verdigris<br \/><strong>Designer :<\/strong> Laurent Le Communication<br \/><strong>Responsable publication :<\/strong> Verdigris<br \/>Le responsable publication est une personne physique ou une personne morale.<br \/><strong>H\u00e9bergeur :<\/strong> OVH SAS<\/p>\t\t\t\t\t\t<\/div>\n\t\t\t\t<\/div>\n\t\t\t\t<div class=\"elementor-element elementor-element-b1352b4 elementor-widget elementor-widget-heading\" data-id=\"b1352b4\" data-element_type=\"widget\" data-widget_type=\"heading.default\">\n\t\t\t\t<div class=\"elementor-widget-container\">\n\t\t\t<h2 class=\"elementor-heading-title elementor-size-default\">2 - Propri\u00e9t\u00e9 intellectuelle et contrefa\u00e7ons.<\/h2>\t\t<\/div>\n\t\t\t\t<\/div>\n\t\t\t\t<div class=\"elementor-element elementor-element-9da9f8c elementor-widget elementor-widget-text-editor\" data-id=\"9da9f8c\" data-element_type=\"widget\" data-widget_type=\"text-editor.default\">\n\t\t\t\t<div class=\"elementor-widget-container\">\n\t\t\t\t\t\t\t<p><strong><span class=\"ff_dynamic_value\" data-ref=\"nom_proprietaire\" data-fallback=\"\">Verdigris<\/span><\/strong>\u00a0est propri\u00e9taire des droits de propri\u00e9t\u00e9 intellectuelle et d\u00e9tient les droits d\u2019usage sur tous les \u00e9l\u00e9ments accessibles sur le site internet, notamment les textes, images, graphismes, logos, vid\u00e9os, architecture, ic\u00f4nes et sons.<\/p><p>Toute reproduction, repr\u00e9sentation, modification, publication, adaptation de tout ou partie des \u00e9l\u00e9ments du site, quel que soit le moyen ou le proc\u00e9d\u00e9 utilis\u00e9, est interdite, sauf autorisation \u00e9crite pr\u00e9alable de\u00a0<strong><span class=\"ff_dynamic_value\" data-ref=\"nom_proprietaire\" data-fallback=\"\">Verdigris<\/span><\/strong>.<\/p><p>Toute exploitation non autoris\u00e9e du site ou de l\u2019un quelconque des \u00e9l\u00e9ments qu\u2019il contient sera consid\u00e9r\u00e9e comme constitutive d\u2019une contrefa\u00e7on et poursuivie conform\u00e9ment aux dispositions des articles\u00a0<a href=\"https:\/\/www.legifrance.gouv.fr\/affichCodeArticle.do?idArticle=LEGIARTI000032655082&amp;cidTexte=LEGITEXT000006069414&amp;dateTexte=20160605\" target=\"_blank\" rel=\"noreferrer nofollow noopener\">L.335-2 et suivants du Code de Propri\u00e9t\u00e9 Intellectuelle<\/a>.<\/p>\t\t\t\t\t\t<\/div>\n\t\t\t\t<\/div>\n\t\t\t\t<div class=\"elementor-element elementor-element-36afd92 elementor-widget elementor-widget-heading\" data-id=\"36afd92\" data-element_type=\"widget\" data-widget_type=\"heading.default\">\n\t\t\t\t<div class=\"elementor-widget-container\">\n\t\t\t<h2 class=\"elementor-heading-title elementor-size-default\">3 - Limitations de responsabilit\u00e9.<\/h2>\t\t<\/div>\n\t\t\t\t<\/div>\n\t\t\t\t<div class=\"elementor-element elementor-element-4bf0af2 elementor-widget elementor-widget-text-editor\" data-id=\"4bf0af2\" data-element_type=\"widget\" data-widget_type=\"text-editor.default\">\n\t\t\t\t<div class=\"elementor-widget-container\">\n\t\t\t\t\t\t\t<p><strong><span class=\"ff_dynamic_value\" data-ref=\"nom_proprietaire\" data-fallback=\"\">Verdigris<\/span><\/strong>\u00a0ne pourra \u00eatre tenu pour responsable des dommages directs et indirects caus\u00e9s au mat\u00e9riel de l\u2019utilisateur, lors de l\u2019acc\u00e8s au site\u00a0<strong><span class=\"ff_dynamic_value\" data-ref=\"url\" data-fallback=\"\">https:\/\/editionsverdigris.com<\/span><\/strong>.<\/p><p><strong><span class=\"ff_dynamic_value\" data-ref=\"nom_proprietaire\" data-fallback=\"\">Verdigris<\/span><\/strong>\u00a0d\u00e9cline toute responsabilit\u00e9 quant \u00e0 l\u2019utilisation qui pourrait \u00eatre faite des informations et contenus pr\u00e9sents sur\u00a0<strong><span class=\"ff_dynamic_value\" data-ref=\"url\" data-fallback=\"\">https:\/\/editionsverdigris.com<\/span><\/strong>.<\/p><p><strong><span class=\"ff_dynamic_value\" data-ref=\"nom_proprietaire\" data-fallback=\"\">Verdigris<\/span><\/strong>\u00a0s\u2019engage \u00e0 s\u00e9curiser au mieux le site\u00a0<strong><span class=\"ff_dynamic_value\" data-ref=\"url\" data-fallback=\"\">https:\/\/editionsverdigris.com<\/span><\/strong>, cependant sa responsabilit\u00e9 ne pourra \u00eatre mise en cause si des donn\u00e9es ind\u00e9sirables sont import\u00e9es et install\u00e9es sur son site \u00e0 son insu.<\/p><p>Des espaces interactifs (espace contact ou commentaires) sont \u00e0 la disposition des utilisateurs.\u00a0<strong><span class=\"ff_dynamic_value\" data-ref=\"nom_proprietaire\" data-fallback=\"\">Verdigris<\/span><\/strong>\u00a0se r\u00e9serve le droit de supprimer, sans mise en demeure pr\u00e9alable, tout contenu d\u00e9pos\u00e9 dans cet espace qui contreviendrait \u00e0 la l\u00e9gislation applicable en France, en particulier aux dispositions relatives \u00e0 la protection des donn\u00e9es.<\/p><p>Le cas \u00e9ch\u00e9ant,\u00a0<strong><span class=\"ff_dynamic_value\" data-ref=\"nom_proprietaire\" data-fallback=\"\">Verdigris<\/span><\/strong>\u00a0se r\u00e9serve \u00e9galement la possibilit\u00e9 de mettre en cause la responsabilit\u00e9 civile et\/ou p\u00e9nale de l\u2019utilisateur, notamment en cas de message \u00e0 caract\u00e8re raciste, injurieux, diffamant, ou pornographique, quel que soit le support utilis\u00e9 (texte, photographie \u2026).<\/p>\t\t\t\t\t\t<\/div>\n\t\t\t\t<\/div>\n\t\t\t\t<div class=\"elementor-element elementor-element-d70f08e elementor-widget elementor-widget-heading\" data-id=\"d70f08e\" data-element_type=\"widget\" data-widget_type=\"heading.default\">\n\t\t\t\t<div class=\"elementor-widget-container\">\n\t\t\t<h2 class=\"elementor-heading-title elementor-size-default\">4 - CNIL et gestion des donn\u00e9es personnelles.<\/h2>\t\t<\/div>\n\t\t\t\t<\/div>\n\t\t\t\t<div class=\"elementor-element elementor-element-17529e4 elementor-widget elementor-widget-text-editor\" data-id=\"17529e4\" data-element_type=\"widget\" data-widget_type=\"text-editor.default\">\n\t\t\t\t<div class=\"elementor-widget-container\">\n\t\t\t\t\t\t\t<p>Conform\u00e9ment aux dispositions de\u00a0<a href=\"https:\/\/www.legifrance.gouv.fr\/affichTexte.do?cidTexte=JORFTEXT000000886460\" target=\"_blank\" rel=\"noreferrer nofollow noopener\">la loi 78-17 du 6 janvier 1978 modifi\u00e9e<\/a>, l\u2019utilisateur du site\u00a0<strong><span class=\"ff_dynamic_value\" data-ref=\"url\" data-fallback=\"\">https:\/\/editionsverdigris.com<\/span><\/strong>\u00a0dispose d\u2019un droit d\u2019acc\u00e8s, de modification et de suppression des informations collect\u00e9es. Pour exercer ce droit, envoyez un message \u00e0 notre D\u00e9l\u00e9gu\u00e9 \u00e0 la Protection des Donn\u00e9es :\u00a0\u2013\u00a0.<\/p><p>Pour plus d\u2019informations sur la fa\u00e7on dont nous traitons vos donn\u00e9es (type de donn\u00e9es, finalit\u00e9, destinataire\u2026), lisez notre\u00a0<a href=\"https:\/\/judithrothchild.com\/politique-de-confidentialite\/\">politique de confidentialit\u00e9<\/a>.<\/p>\t\t\t\t\t\t<\/div>\n\t\t\t\t<\/div>\n\t\t\t\t<div class=\"elementor-element elementor-element-a2d3772 elementor-widget elementor-widget-heading\" data-id=\"a2d3772\" data-element_type=\"widget\" data-widget_type=\"heading.default\">\n\t\t\t\t<div class=\"elementor-widget-container\">\n\t\t\t<h2 class=\"elementor-heading-title elementor-size-default\">5 - Liens hypertextes et cookies<\/h2>\t\t<\/div>\n\t\t\t\t<\/div>\n\t\t\t\t<div class=\"elementor-element elementor-element-00473c9 elementor-widget elementor-widget-text-editor\" data-id=\"00473c9\" data-element_type=\"widget\" data-widget_type=\"text-editor.default\">\n\t\t\t\t<div class=\"elementor-widget-container\">\n\t\t\t\t\t\t\t<p>Le site\u00a0<strong><span class=\"ff_dynamic_value\" data-ref=\"url\" data-fallback=\"\">https:\/\/editionsverdigris.com<\/span><\/strong>\u00a0contient des liens hypertextes vers d\u2019autres sites et d\u00e9gage toute responsabilit\u00e9 \u00e0 propos de ces liens externes ou des liens cr\u00e9\u00e9s par d\u2019autres sites vers\u00a0<strong><span class=\"ff_dynamic_value\" data-ref=\"url\" data-fallback=\"\">https:\/\/editionsverdigris.com<\/span><\/strong>.<\/p><p>La navigation sur le site\u00a0<strong><span class=\"ff_dynamic_value\" data-ref=\"url\" data-fallback=\"\">https:\/\/editionsverdigris.com<\/span><\/strong>\u00a0est susceptible de provoquer l\u2019installation de cookie(s) sur l\u2019ordinateur de l\u2019utilisateur.<\/p><p>Un \u00ab\u00a0cookie\u00a0\u00bb est un fichier de petite taille qui enregistre des informations relatives \u00e0 la navigation d\u2019un utilisateur sur un site. Les donn\u00e9es ainsi obtenues permettent d\u2019obtenir des mesures de fr\u00e9quentation, par exemple.<\/p><p>Vous avez la possibilit\u00e9\u00a0<strong>d\u2019accepter ou de refuser les cookies<\/strong>\u00a0en modifiant les param\u00e8tres de votre navigateur. Aucun cookie ne sera d\u00e9pos\u00e9 sans votre consentement.<\/p><p>Les cookies sont enregistr\u00e9s pour une dur\u00e9e maximale de\u00a0mois.<\/p><p>Pour plus d\u2019informations sur la fa\u00e7on dont nous faisons usage des cookies, lisez notre\u00a0<a href=\"https:\/\/judithrothchild.com\/politique-de-confidentialite\/\">politique de confidentialit\u00e9<\/a>.<\/p>\t\t\t\t\t\t<\/div>\n\t\t\t\t<\/div>\n\t\t\t\t<div class=\"elementor-element elementor-element-b923b10 elementor-widget elementor-widget-heading\" data-id=\"b923b10\" data-element_type=\"widget\" data-widget_type=\"heading.default\">\n\t\t\t\t<div class=\"elementor-widget-container\">\n\t\t\t<h2 class=\"elementor-heading-title elementor-size-default\">6 - Droit applicable et attribution de juridiction.<\/h2>\t\t<\/div>\n\t\t\t\t<\/div>\n\t\t\t\t<div class=\"elementor-element elementor-element-02c09b8 elementor-widget elementor-widget-text-editor\" data-id=\"02c09b8\" data-element_type=\"widget\" data-widget_type=\"text-editor.default\">\n\t\t\t\t<div class=\"elementor-widget-container\">\n\t\t\t\t\t\t\t<p>Tout litige en relation avec l\u2019utilisation du site\u00a0<strong><span class=\"ff_dynamic_value\" data-ref=\"url\" data-fallback=\"\">https:\/\/editionsverdigris.com<\/span><\/strong>\u00a0est soumis au droit fran\u00e7ais.<\/p>\t\t\t\t\t\t<\/div>\n\t\t\t\t<\/div>\n\t\t\t\t\t<\/div>\n\t\t<\/div>\n\t\t\t\t\t<\/div>\n\t\t<\/section>\n\t\t\t\t<\/div>","protected":false},"excerpt":{"rendered":"<p>D\u00e9couvrez les mentions l\u00e9gales du site internet. Mentions l\u00e9gales 1- Edition du site En vertu de l\u2019article 6 de la loi n\u00b0 2004-575 du 21 juin 2004 pour la confiance dans l\u2019\u00e9conomie num\u00e9rique, il est pr\u00e9cis\u00e9 aux utilisateurs du site www.editionsverdigris.com l\u2019identit\u00e9 des diff\u00e9rents intervenants dans le cadre de sa r\u00e9alisation et de son suivi : Propri\u00e9taire : Verdigris Designer : Laurent Le Communication Responsable publication : Verdigris Le responsable publication est une personne physique ou une personne morale. H\u00e9bergeur [&hellip;]<\/p>","protected":false},"author":2,"featured_media":18,"parent":0,"menu_order":0,"comment_status":"closed","ping_status":"closed","template":"","meta":{"footnotes":""},"class_list":["post-362","page","type-page","status-publish","has-post-thumbnail","hentry"],"yoast_head":"<!-- This site is optimized with the Yoast SEO plugin v27.4 - https:\/\/yoast.com\/product\/yoast-seo-wordpress\/ -->\n<title>Mentions l\u00e9gales - \u00c9ditions Verdigris<\/title>\n<meta name=\"description\" content=\"Mentions l\u00e9gales. Le site &quot;editionsverdigris.com&quot; est sous la responsabilit\u00e9 de Verdigris. Responsable publication : Verdigris.\" \/>\n<meta name=\"robots\" content=\"index, follow, max-snippet:-1, max-image-preview:large, max-video-preview:-1\" \/>\n<link rel=\"canonical\" href=\"https:\/\/editionsverdigris.com\/en\/mentions-legales\/\" \/>\n<meta property=\"og:locale\" content=\"en_GB\" \/>\n<meta property=\"og:type\" content=\"article\" \/>\n<meta property=\"og:title\" content=\"Mentions l\u00e9gales - \u00c9ditions Verdigris\" \/>\n<meta property=\"og:description\" content=\"Mentions l\u00e9gales. Le site &quot;editionsverdigris.com&quot; est sous la responsabilit\u00e9 de Verdigris. Responsable publication : Verdigris.\" \/>\n<meta property=\"og:url\" content=\"https:\/\/editionsverdigris.com\/en\/mentions-legales\/\" \/>\n<meta property=\"og:site_name\" content=\"\u00c9ditions Verdigris\" \/>\n<meta property=\"article:modified_time\" content=\"2022-06-25T22:49:07+00:00\" \/>\n<meta property=\"og:image\" content=\"https:\/\/editionsverdigris.com\/wp-content\/uploads\/2022\/04\/cropped-icon-verdigris2.png\" \/>\n\t<meta property=\"og:image:width\" content=\"512\" \/>\n\t<meta property=\"og:image:height\" content=\"512\" \/>\n\t<meta property=\"og:image:type\" content=\"image\/png\" \/>\n<meta name=\"twitter:card\" content=\"summary_large_image\" \/>\n<meta name=\"twitter:label1\" content=\"Estimated reading time\" \/>\n\t<meta name=\"twitter:data1\" content=\"3 minutes\" \/>\n<script type=\"application\/ld+json\" class=\"yoast-schema-graph\">{\"@context\":\"https:\\\/\\\/schema.org\",\"@graph\":[{\"@type\":\"WebPage\",\"@id\":\"https:\\\/\\\/editionsverdigris.com\\\/mentions-legales\\\/\",\"url\":\"https:\\\/\\\/editionsverdigris.com\\\/mentions-legales\\\/\",\"name\":\"Mentions l\u00e9gales - \u00c9ditions Verdigris\",\"isPartOf\":{\"@id\":\"https:\\\/\\\/editionsverdigris.com\\\/#website\"},\"primaryImageOfPage\":{\"@id\":\"https:\\\/\\\/editionsverdigris.com\\\/mentions-legales\\\/#primaryimage\"},\"image\":{\"@id\":\"https:\\\/\\\/editionsverdigris.com\\\/mentions-legales\\\/#primaryimage\"},\"thumbnailUrl\":\"https:\\\/\\\/editionsverdigris.com\\\/wp-content\\\/uploads\\\/2022\\\/04\\\/cropped-icon-verdigris2.png\",\"datePublished\":\"2022-04-07T14:11:32+00:00\",\"dateModified\":\"2022-06-25T22:49:07+00:00\",\"description\":\"Mentions l\u00e9gales. Le site \\\"editionsverdigris.com\\\" est sous la responsabilit\u00e9 de Verdigris. Responsable publication : Verdigris.\",\"breadcrumb\":{\"@id\":\"https:\\\/\\\/editionsverdigris.com\\\/mentions-legales\\\/#breadcrumb\"},\"inLanguage\":\"en-GB\",\"potentialAction\":[{\"@type\":\"ReadAction\",\"target\":[\"https:\\\/\\\/editionsverdigris.com\\\/mentions-legales\\\/\"]}]},{\"@type\":\"ImageObject\",\"inLanguage\":\"en-GB\",\"@id\":\"https:\\\/\\\/editionsverdigris.com\\\/mentions-legales\\\/#primaryimage\",\"url\":\"https:\\\/\\\/editionsverdigris.com\\\/wp-content\\\/uploads\\\/2022\\\/04\\\/cropped-icon-verdigris2.png\",\"contentUrl\":\"https:\\\/\\\/editionsverdigris.com\\\/wp-content\\\/uploads\\\/2022\\\/04\\\/cropped-icon-verdigris2.png\",\"width\":512,\"height\":512,\"caption\":\"favicon-verdigris\"},{\"@type\":\"BreadcrumbList\",\"@id\":\"https:\\\/\\\/editionsverdigris.com\\\/mentions-legales\\\/#breadcrumb\",\"itemListElement\":[{\"@type\":\"ListItem\",\"position\":1,\"name\":\"Accueil\",\"item\":\"https:\\\/\\\/editionsverdigris.com\\\/\"},{\"@type\":\"ListItem\",\"position\":2,\"name\":\"Mentions l\u00e9gales\"}]},{\"@type\":\"WebSite\",\"@id\":\"https:\\\/\\\/editionsverdigris.com\\\/#website\",\"url\":\"https:\\\/\\\/editionsverdigris.com\\\/\",\"name\":\"\u00c9ditions Verdigris\",\"description\":\"Site Officiel - Sp\u00e9cialiste Cr\u00e9ation de livres d&#039;artiste\",\"publisher\":{\"@id\":\"https:\\\/\\\/editionsverdigris.com\\\/#organization\"},\"potentialAction\":[{\"@type\":\"SearchAction\",\"target\":{\"@type\":\"EntryPoint\",\"urlTemplate\":\"https:\\\/\\\/editionsverdigris.com\\\/?s={search_term_string}\"},\"query-input\":{\"@type\":\"PropertyValueSpecification\",\"valueRequired\":true,\"valueName\":\"search_term_string\"}}],\"inLanguage\":\"en-GB\"},{\"@type\":\"Organization\",\"@id\":\"https:\\\/\\\/editionsverdigris.com\\\/#organization\",\"name\":\"\u00c9ditions Verdigris\",\"url\":\"https:\\\/\\\/editionsverdigris.com\\\/\",\"logo\":{\"@type\":\"ImageObject\",\"inLanguage\":\"en-GB\",\"@id\":\"https:\\\/\\\/editionsverdigris.com\\\/#\\\/schema\\\/logo\\\/image\\\/\",\"url\":\"\",\"contentUrl\":\"\",\"caption\":\"\u00c9ditions Verdigris\"},\"image\":{\"@id\":\"https:\\\/\\\/editionsverdigris.com\\\/#\\\/schema\\\/logo\\\/image\\\/\"}}]}<\/script>\n<!-- \/ Yoast SEO plugin. -->","yoast_head_json":{"title":"Mentions l\u00e9gales - \u00c9ditions Verdigris","description":"Mentions l\u00e9gales. Le site \"editionsverdigris.com\" est sous la responsabilit\u00e9 de Verdigris. Responsable publication : Verdigris.","robots":{"index":"index","follow":"follow","max-snippet":"max-snippet:-1","max-image-preview":"max-image-preview:large","max-video-preview":"max-video-preview:-1"},"canonical":"https:\/\/editionsverdigris.com\/en\/mentions-legales\/","og_locale":"en_GB","og_type":"article","og_title":"Mentions l\u00e9gales - \u00c9ditions Verdigris","og_description":"Mentions l\u00e9gales. Le site \"editionsverdigris.com\" est sous la responsabilit\u00e9 de Verdigris. Responsable publication : Verdigris.","og_url":"https:\/\/editionsverdigris.com\/en\/mentions-legales\/","og_site_name":"\u00c9ditions Verdigris","article_modified_time":"2022-06-25T22:49:07+00:00","og_image":[{"width":512,"height":512,"url":"https:\/\/editionsverdigris.com\/wp-content\/uploads\/2022\/04\/cropped-icon-verdigris2.png","type":"image\/png"}],"twitter_card":"summary_large_image","twitter_misc":{"Estimated reading time":"3 minutes"},"schema":{"@context":"https:\/\/schema.org","@graph":[{"@type":"WebPage","@id":"https:\/\/editionsverdigris.com\/mentions-legales\/","url":"https:\/\/editionsverdigris.com\/mentions-legales\/","name":"Mentions l\u00e9gales - \u00c9ditions Verdigris","isPartOf":{"@id":"https:\/\/editionsverdigris.com\/#website"},"primaryImageOfPage":{"@id":"https:\/\/editionsverdigris.com\/mentions-legales\/#primaryimage"},"image":{"@id":"https:\/\/editionsverdigris.com\/mentions-legales\/#primaryimage"},"thumbnailUrl":"https:\/\/editionsverdigris.com\/wp-content\/uploads\/2022\/04\/cropped-icon-verdigris2.png","datePublished":"2022-04-07T14:11:32+00:00","dateModified":"2022-06-25T22:49:07+00:00","description":"Mentions l\u00e9gales. Le site \"editionsverdigris.com\" est sous la responsabilit\u00e9 de Verdigris. Responsable publication : Verdigris.","breadcrumb":{"@id":"https:\/\/editionsverdigris.com\/mentions-legales\/#breadcrumb"},"inLanguage":"en-GB","potentialAction":[{"@type":"ReadAction","target":["https:\/\/editionsverdigris.com\/mentions-legales\/"]}]},{"@type":"ImageObject","inLanguage":"en-GB","@id":"https:\/\/editionsverdigris.com\/mentions-legales\/#primaryimage","url":"https:\/\/editionsverdigris.com\/wp-content\/uploads\/2022\/04\/cropped-icon-verdigris2.png","contentUrl":"https:\/\/editionsverdigris.com\/wp-content\/uploads\/2022\/04\/cropped-icon-verdigris2.png","width":512,"height":512,"caption":"favicon-verdigris"},{"@type":"BreadcrumbList","@id":"https:\/\/editionsverdigris.com\/mentions-legales\/#breadcrumb","itemListElement":[{"@type":"ListItem","position":1,"name":"Accueil","item":"https:\/\/editionsverdigris.com\/"},{"@type":"ListItem","position":2,"name":"Mentions l\u00e9gales"}]},{"@type":"WebSite","@id":"https:\/\/editionsverdigris.com\/#website","url":"https:\/\/editionsverdigris.com\/","name":"\u00c9ditions Verdigris","description":"Site Officiel - Sp\u00e9cialiste Cr\u00e9ation de livres d&#039;artiste","publisher":{"@id":"https:\/\/editionsverdigris.com\/#organization"},"potentialAction":[{"@type":"SearchAction","target":{"@type":"EntryPoint","urlTemplate":"https:\/\/editionsverdigris.com\/?s={search_term_string}"},"query-input":{"@type":"PropertyValueSpecification","valueRequired":true,"valueName":"search_term_string"}}],"inLanguage":"en-GB"},{"@type":"Organization","@id":"https:\/\/editionsverdigris.com\/#organization","name":"\u00c9ditions Verdigris","url":"https:\/\/editionsverdigris.com\/","logo":{"@type":"ImageObject","inLanguage":"en-GB","@id":"https:\/\/editionsverdigris.com\/#\/schema\/logo\/image\/","url":"","contentUrl":"","caption":"\u00c9ditions Verdigris"},"image":{"@id":"https:\/\/editionsverdigris.com\/#\/schema\/logo\/image\/"}}]}},"_links":{"self":[{"href":"https:\/\/editionsverdigris.com\/en\/wp-json\/wp\/v2\/pages\/362","targetHints":{"allow":["GET"]}}],"collection":[{"href":"https:\/\/editionsverdigris.com\/en\/wp-json\/wp\/v2\/pages"}],"about":[{"href":"https:\/\/editionsverdigris.com\/en\/wp-json\/wp\/v2\/types\/page"}],"author":[{"embeddable":true,"href":"https:\/\/editionsverdigris.com\/en\/wp-json\/wp\/v2\/users\/2"}],"replies":[{"embeddable":true,"href":"https:\/\/editionsverdigris.com\/en\/wp-json\/wp\/v2\/comments?post=362"}],"version-history":[{"count":25,"href":"https:\/\/editionsverdigris.com\/en\/wp-json\/wp\/v2\/pages\/362\/revisions"}],"predecessor-version":[{"id":1518,"href":"https:\/\/editionsverdigris.com\/en\/wp-json\/wp\/v2\/pages\/362\/revisions\/1518"}],"wp:featuredmedia":[{"embeddable":true,"href":"https:\/\/editionsverdigris.com\/en\/wp-json\/wp\/v2\/media\/18"}],"wp:attachment":[{"href":"https:\/\/editionsverdigris.com\/en\/wp-json\/wp\/v2\/media?parent=362"}],"curies":[{"name":"wp","href":"https:\/\/api.w.org\/{rel}","templated":true}]}}